{"id":40,"date":"2025-10-10T11:30:51","date_gmt":"2025-10-10T09:30:51","guid":{"rendered":"https:\/\/mkb.fiit.stuba.sk\/?page_id=40"},"modified":"2026-04-22T14:37:00","modified_gmt":"2026-04-22T12:37:00","slug":"skolenia","status":"publish","type":"page","link":"https:\/\/mkb.fiit.stuba.sk\/?page_id=40","title":{"rendered":"Term\u00edny \u0161kolenia"},"content":{"rendered":"\t\t<div data-elementor-type=\"wp-page\" data-elementor-id=\"40\" class=\"elementor elementor-40\">\n\t\t\t\t<div class=\"elementor-element elementor-element-32280cb e-flex e-con-boxed e-con e-parent\" data-id=\"32280cb\" data-element_type=\"container\" data-e-type=\"container\">\n\t\t\t\t\t<div class=\"e-con-inner\">\n\t\t\t\t<div class=\"elementor-element elementor-element-ef6e9fd elementor-widget elementor-widget-heading\" data-id=\"ef6e9fd\" data-element_type=\"widget\" data-e-type=\"widget\" data-widget_type=\"heading.default\">\n\t\t\t\t\t<h2 class=\"elementor-heading-title elementor-size-default\">\u0160kolenie bolo ukon\u010den\u00e9<\/h2>\t\t\t\t<\/div>\n\t\t\t\t\t<\/div>\n\t\t\t\t<\/div>\n\t\t<div class=\"elementor-element elementor-element-b0d42fe e-flex e-con-boxed e-con e-parent\" data-id=\"b0d42fe\" data-element_type=\"container\" data-e-type=\"container\">\n\t\t\t\t\t<div class=\"e-con-inner\">\n\t\t\t\t\t<\/div>\n\t\t\t\t<\/div>\n\t\t<div class=\"elementor-element elementor-element-6b59db9 e-flex e-con-boxed e-con e-parent\" data-id=\"6b59db9\" data-element_type=\"container\" data-e-type=\"container\">\n\t\t\t\t\t<div class=\"e-con-inner\">\n\t\t\t\t<div class=\"elementor-element elementor-element-a2f0e80 elementor-widget elementor-widget-google_maps\" data-id=\"a2f0e80\" data-element_type=\"widget\" data-e-type=\"widget\" data-widget_type=\"google_maps.default\">\n\t\t\t\t\t\t\t<div class=\"elementor-custom-embed\">\n\t\t\t<iframe loading=\"lazy\"\n\t\t\t\t\tsrc=\"https:\/\/maps.google.com\/maps?q=Ilkovi%C4%8Dova%202%2C%20Bratislava&#038;t=m&#038;z=15&#038;output=embed&#038;iwloc=near\"\n\t\t\t\t\ttitle=\"Ilkovi\u010dova 2, Bratislava\"\n\t\t\t\t\taria-label=\"Ilkovi\u010dova 2, Bratislava\"\n\t\t\t><\/iframe>\n\t\t<\/div>\n\t\t\t\t\t\t<\/div>\n\t\t\t\t\t<\/div>\n\t\t\t\t<\/div>\n\t\t<div class=\"elementor-element elementor-element-109c9a5 e-flex e-con-boxed e-con e-parent\" data-id=\"109c9a5\" data-element_type=\"container\" data-e-type=\"container\">\n\t\t\t\t\t<div class=\"e-con-inner\">\n\t\t\t\t\t<\/div>\n\t\t\t\t<\/div>\n\t\t\t\t<\/div>\n\t\t","protected":false},"excerpt":{"rendered":"<p>\u0160kolenie bolo ukon\u010den\u00e9<\/p>\n","protected":false},"author":2,"featured_media":0,"parent":0,"menu_order":1,"comment_status":"closed","ping_status":"closed","template":"","meta":{"site-sidebar-layout":"no-sidebar","site-content-layout":"","ast-site-content-layout":"full-width-container","site-content-style":"default","site-sidebar-style":"default","ast-global-header-display":"","ast-banner-title-visibility":"","ast-main-header-display":"","ast-hfb-above-header-display":"","ast-hfb-below-header-display":"","ast-hfb-mobile-header-display":"","site-post-title":"disabled","ast-breadcrumbs-content":"","ast-featured-img":"disabled","footer-sml-layout":"","theme-transparent-header-meta":"","adv-header-id-meta":"","stick-header-meta":"","header-above-stick-meta":"","header-main-stick-meta":"","header-below-stick-meta":"","astra-migrate-meta-layouts":"default","ast-page-background-enabled":"default","ast-page-background-meta":{"desktop":{"background-color":"var(--ast-global-color-5)","background-image":"","background-repeat":"repeat","background-position":"center center","background-size":"auto","background-attachment":"scroll","background-type":"","background-media":"","overlay-type":"","overlay-color":"","overlay-opacity":"","overlay-gradient":""},"tablet":{"background-color":"","background-image":"","background-repeat":"repeat","background-position":"center center","background-size":"auto","background-attachment":"scroll","background-type":"","background-media":"","overlay-type":"","overlay-color":"","overlay-opacity":"","overlay-gradient":""},"mobile":{"background-color":"","background-image":"","background-repeat":"repeat","background-position":"center center","background-size":"auto","background-attachment":"scroll","background-type":"","background-media":"","overlay-type":"","overlay-color":"","overlay-opacity":"","overlay-gradient":""}},"ast-content-background-meta":{"desktop":{"background-color":"var(--ast-global-color-4)","background-image":"","background-repeat":"repeat","background-position":"center center","background-size":"auto","background-attachment":"scroll","background-type":"","background-media":"","overlay-type":"","overlay-color":"","overlay-opacity":"","overlay-gradient":""},"tablet":{"background-color":"var(--ast-global-color-4)","background-image":"","background-repeat":"repeat","background-position":"center center","background-size":"auto","background-attachment":"scroll","background-type":"","background-media":"","overlay-type":"","overlay-color":"","overlay-opacity":"","overlay-gradient":""},"mobile":{"background-color":"var(--ast-global-color-4)","background-image":"","background-repeat":"repeat","background-position":"center center","background-size":"auto","background-attachment":"scroll","background-type":"","background-media":"","overlay-type":"","overlay-color":"","overlay-opacity":"","overlay-gradient":""}},"footnotes":""},"class_list":["post-40","page","type-page","status-publish","hentry"],"yoast_head":"<!-- This site is optimized with the Yoast SEO plugin v26.9 - https:\/\/yoast.com\/product\/yoast-seo-wordpress\/ -->\n<title>Term\u00edny \u0161kolenia - \u0160kolenia modulu MANA\u017d\u00c9R KYBERNETICKEJ BEZPE\u010cNOSTI<\/title>\n<meta name=\"robots\" content=\"index, follow, max-snippet:-1, max-image-preview:large, max-video-preview:-1\" \/>\n<link rel=\"canonical\" href=\"https:\/\/mkb.fiit.stuba.sk\/?page_id=40\" \/>\n<meta property=\"og:locale\" content=\"sk_SK\" \/>\n<meta property=\"og:type\" content=\"article\" \/>\n<meta property=\"og:title\" content=\"Term\u00edny \u0161kolenia - \u0160kolenia modulu MANA\u017d\u00c9R KYBERNETICKEJ BEZPE\u010cNOSTI\" \/>\n<meta property=\"og:description\" content=\"\u0160kolenie bolo ukon\u010den\u00e9\" \/>\n<meta property=\"og:url\" content=\"https:\/\/mkb.fiit.stuba.sk\/?page_id=40\" \/>\n<meta property=\"og:site_name\" content=\"\u0160kolenia modulu MANA\u017d\u00c9R KYBERNETICKEJ BEZPE\u010cNOSTI\" \/>\n<meta property=\"article:modified_time\" content=\"2026-04-22T12:37:00+00:00\" \/>\n<meta name=\"twitter:card\" content=\"summary_large_image\" \/>\n<meta name=\"twitter:label1\" content=\"Predpokladan\u00fd \u010das \u010d\u00edtania\" \/>\n\t<meta name=\"twitter:data1\" content=\"1 min\u00fata\" \/>\n<script type=\"application\/ld+json\" class=\"yoast-schema-graph\">{\"@context\":\"https:\/\/schema.org\",\"@graph\":[{\"@type\":\"WebPage\",\"@id\":\"https:\/\/mkb.fiit.stuba.sk\/?page_id=40\",\"url\":\"https:\/\/mkb.fiit.stuba.sk\/?page_id=40\",\"name\":\"Term\u00edny \u0161kolenia - \u0160kolenia modulu MANA\u017d\u00c9R KYBERNETICKEJ BEZPE\u010cNOSTI\",\"isPartOf\":{\"@id\":\"https:\/\/mkb.fiit.stuba.sk\/#website\"},\"datePublished\":\"2025-10-10T09:30:51+00:00\",\"dateModified\":\"2026-04-22T12:37:00+00:00\",\"breadcrumb\":{\"@id\":\"https:\/\/mkb.fiit.stuba.sk\/?page_id=40#breadcrumb\"},\"inLanguage\":\"sk-SK\",\"potentialAction\":[{\"@type\":\"ReadAction\",\"target\":[\"https:\/\/mkb.fiit.stuba.sk\/?page_id=40\"]}]},{\"@type\":\"BreadcrumbList\",\"@id\":\"https:\/\/mkb.fiit.stuba.sk\/?page_id=40#breadcrumb\",\"itemListElement\":[{\"@type\":\"ListItem\",\"position\":1,\"name\":\"Domovsk\u00e1 str\u00e1nka\",\"item\":\"https:\/\/mkb.fiit.stuba.sk\/\"},{\"@type\":\"ListItem\",\"position\":2,\"name\":\"Term\u00edny \u0161kolenia\"}]},{\"@type\":\"WebSite\",\"@id\":\"https:\/\/mkb.fiit.stuba.sk\/#website\",\"url\":\"https:\/\/mkb.fiit.stuba.sk\/\",\"name\":\"\u0160kolenia modulu MANA\u017d\u00c9R KYBERNETICKEJ BEZPE\u010cNOSTI\",\"description\":\"\",\"publisher\":{\"@id\":\"https:\/\/mkb.fiit.stuba.sk\/#organization\"},\"potentialAction\":[{\"@type\":\"SearchAction\",\"target\":{\"@type\":\"EntryPoint\",\"urlTemplate\":\"https:\/\/mkb.fiit.stuba.sk\/?s={search_term_string}\"},\"query-input\":{\"@type\":\"PropertyValueSpecification\",\"valueRequired\":true,\"valueName\":\"search_term_string\"}}],\"inLanguage\":\"sk-SK\"},{\"@type\":\"Organization\",\"@id\":\"https:\/\/mkb.fiit.stuba.sk\/#organization\",\"name\":\"\u0160kolenia modulu MANA\u017d\u00c9R KYBERNETICKEJ BEZPE\u010cNOSTI\",\"url\":\"https:\/\/mkb.fiit.stuba.sk\/\",\"logo\":{\"@type\":\"ImageObject\",\"inLanguage\":\"sk-SK\",\"@id\":\"https:\/\/mkb.fiit.stuba.sk\/#\/schema\/logo\/image\/\",\"url\":\"https:\/\/mkb.fiit.stuba.sk\/wp-content\/uploads\/2025\/10\/cropped-Loga-vedla-seba-MKB-Financovane-EU-plan-obnovy-MIRRI-FIIT-STU-2-variant-scaled-1.png\",\"contentUrl\":\"https:\/\/mkb.fiit.stuba.sk\/wp-content\/uploads\/2025\/10\/cropped-Loga-vedla-seba-MKB-Financovane-EU-plan-obnovy-MIRRI-FIIT-STU-2-variant-scaled-1.png\",\"width\":2399,\"height\":331,\"caption\":\"\u0160kolenia modulu MANA\u017d\u00c9R KYBERNETICKEJ BEZPE\u010cNOSTI\"},\"image\":{\"@id\":\"https:\/\/mkb.fiit.stuba.sk\/#\/schema\/logo\/image\/\"}}]}<\/script>\n<!-- \/ Yoast SEO plugin. -->","yoast_head_json":{"title":"Term\u00edny \u0161kolenia - \u0160kolenia modulu MANA\u017d\u00c9R KYBERNETICKEJ BEZPE\u010cNOSTI","robots":{"index":"index","follow":"follow","max-snippet":"max-snippet:-1","max-image-preview":"max-image-preview:large","max-video-preview":"max-video-preview:-1"},"canonical":"https:\/\/mkb.fiit.stuba.sk\/?page_id=40","og_locale":"sk_SK","og_type":"article","og_title":"Term\u00edny \u0161kolenia - \u0160kolenia modulu MANA\u017d\u00c9R KYBERNETICKEJ BEZPE\u010cNOSTI","og_description":"\u0160kolenie bolo ukon\u010den\u00e9","og_url":"https:\/\/mkb.fiit.stuba.sk\/?page_id=40","og_site_name":"\u0160kolenia modulu MANA\u017d\u00c9R KYBERNETICKEJ BEZPE\u010cNOSTI","article_modified_time":"2026-04-22T12:37:00+00:00","twitter_card":"summary_large_image","twitter_misc":{"Predpokladan\u00fd \u010das \u010d\u00edtania":"1 min\u00fata"},"schema":{"@context":"https:\/\/schema.org","@graph":[{"@type":"WebPage","@id":"https:\/\/mkb.fiit.stuba.sk\/?page_id=40","url":"https:\/\/mkb.fiit.stuba.sk\/?page_id=40","name":"Term\u00edny \u0161kolenia - \u0160kolenia modulu MANA\u017d\u00c9R KYBERNETICKEJ BEZPE\u010cNOSTI","isPartOf":{"@id":"https:\/\/mkb.fiit.stuba.sk\/#website"},"datePublished":"2025-10-10T09:30:51+00:00","dateModified":"2026-04-22T12:37:00+00:00","breadcrumb":{"@id":"https:\/\/mkb.fiit.stuba.sk\/?page_id=40#breadcrumb"},"inLanguage":"sk-SK","potentialAction":[{"@type":"ReadAction","target":["https:\/\/mkb.fiit.stuba.sk\/?page_id=40"]}]},{"@type":"BreadcrumbList","@id":"https:\/\/mkb.fiit.stuba.sk\/?page_id=40#breadcrumb","itemListElement":[{"@type":"ListItem","position":1,"name":"Domovsk\u00e1 str\u00e1nka","item":"https:\/\/mkb.fiit.stuba.sk\/"},{"@type":"ListItem","position":2,"name":"Term\u00edny \u0161kolenia"}]},{"@type":"WebSite","@id":"https:\/\/mkb.fiit.stuba.sk\/#website","url":"https:\/\/mkb.fiit.stuba.sk\/","name":"\u0160kolenia modulu MANA\u017d\u00c9R KYBERNETICKEJ BEZPE\u010cNOSTI","description":"","publisher":{"@id":"https:\/\/mkb.fiit.stuba.sk\/#organization"},"potentialAction":[{"@type":"SearchAction","target":{"@type":"EntryPoint","urlTemplate":"https:\/\/mkb.fiit.stuba.sk\/?s={search_term_string}"},"query-input":{"@type":"PropertyValueSpecification","valueRequired":true,"valueName":"search_term_string"}}],"inLanguage":"sk-SK"},{"@type":"Organization","@id":"https:\/\/mkb.fiit.stuba.sk\/#organization","name":"\u0160kolenia modulu MANA\u017d\u00c9R KYBERNETICKEJ BEZPE\u010cNOSTI","url":"https:\/\/mkb.fiit.stuba.sk\/","logo":{"@type":"ImageObject","inLanguage":"sk-SK","@id":"https:\/\/mkb.fiit.stuba.sk\/#\/schema\/logo\/image\/","url":"https:\/\/mkb.fiit.stuba.sk\/wp-content\/uploads\/2025\/10\/cropped-Loga-vedla-seba-MKB-Financovane-EU-plan-obnovy-MIRRI-FIIT-STU-2-variant-scaled-1.png","contentUrl":"https:\/\/mkb.fiit.stuba.sk\/wp-content\/uploads\/2025\/10\/cropped-Loga-vedla-seba-MKB-Financovane-EU-plan-obnovy-MIRRI-FIIT-STU-2-variant-scaled-1.png","width":2399,"height":331,"caption":"\u0160kolenia modulu MANA\u017d\u00c9R KYBERNETICKEJ BEZPE\u010cNOSTI"},"image":{"@id":"https:\/\/mkb.fiit.stuba.sk\/#\/schema\/logo\/image\/"}}]}},"_links":{"self":[{"href":"https:\/\/mkb.fiit.stuba.sk\/index.php?rest_route=\/wp\/v2\/pages\/40","targetHints":{"allow":["GET"]}}],"collection":[{"href":"https:\/\/mkb.fiit.stuba.sk\/index.php?rest_route=\/wp\/v2\/pages"}],"about":[{"href":"https:\/\/mkb.fiit.stuba.sk\/index.php?rest_route=\/wp\/v2\/types\/page"}],"author":[{"embeddable":true,"href":"https:\/\/mkb.fiit.stuba.sk\/index.php?rest_route=\/wp\/v2\/users\/2"}],"replies":[{"embeddable":true,"href":"https:\/\/mkb.fiit.stuba.sk\/index.php?rest_route=%2Fwp%2Fv2%2Fcomments&post=40"}],"version-history":[{"count":159,"href":"https:\/\/mkb.fiit.stuba.sk\/index.php?rest_route=\/wp\/v2\/pages\/40\/revisions"}],"predecessor-version":[{"id":463,"href":"https:\/\/mkb.fiit.stuba.sk\/index.php?rest_route=\/wp\/v2\/pages\/40\/revisions\/463"}],"wp:attachment":[{"href":"https:\/\/mkb.fiit.stuba.sk\/index.php?rest_route=%2Fwp%2Fv2%2Fmedia&parent=40"}],"curies":[{"name":"wp","href":"https:\/\/api.w.org\/{rel}","templated":true}]}}