{"id":54,"date":"2025-10-10T11:38:02","date_gmt":"2025-10-10T09:38:02","guid":{"rendered":"https:\/\/mkb.fiit.stuba.sk\/?page_id=54"},"modified":"2026-03-03T12:46:19","modified_gmt":"2026-03-03T11:46:19","slug":"domov","status":"publish","type":"page","link":"https:\/\/mkb.fiit.stuba.sk\/","title":{"rendered":"O \u0161kolen\u00ed"},"content":{"rendered":"\t\t<div data-elementor-type=\"wp-page\" data-elementor-id=\"54\" class=\"elementor elementor-54\">\n\t\t\t\t<div class=\"elementor-element elementor-element-08d8307 e-flex e-con-boxed e-con e-parent\" data-id=\"08d8307\" data-element_type=\"container\" data-e-type=\"container\">\n\t\t\t\t\t<div class=\"e-con-inner\">\n\t\t\t\t<div class=\"elementor-element elementor-element-cf4e925 elementor-widget elementor-widget-text-editor\" data-id=\"cf4e925\" data-element_type=\"widget\" data-e-type=\"widget\" data-widget_type=\"text-editor.default\">\n\t\t\t\t\t\t\t\t\t<p><span style=\"font-style: inherit; font-family: var( --e-global-typography-text-font-family ), Sans-serif;\">Modul <strong>Mana\u017e\u00e9r kybernetickej bezpe\u010dnosti<\/strong> je ur\u010den\u00fd pre odborn\u00edkov a mana\u017e\u00e9rov, \u00a0<\/span><span style=\"font-style: inherit; font-family: var( --e-global-typography-text-font-family ), Sans-serif;\">ktor\u00ed zodpovedaj\u00fa za riadenie a zabezpe\u010denie kybernetickej bezpe\u010dnosti v <\/span><span style=\"font-style: inherit; font-family: var( --e-global-typography-text-font-family ), Sans-serif;\">organiz\u00e1cii (v\u00fdhradne pre zamestnancov verejnej spr\u00e1vy so s\u00eddlom v Bratislavskom, Trnavskom, Nitrianskom, Tren\u010dianskom a \u017dilinskom kraji).<\/span><\/p><p>Cie\u013eom \u0161kolenia je poskytn\u00fa\u0165 \u00fa\u010dastn\u00edkom ucelen\u00fd preh\u013ead o princ\u00edpoch, legislat\u00edvnych po\u017eiadavk\u00e1ch a procesoch riadenia kybernetickej bezpe\u010dnosti v s\u00falade s platn\u00fdmi pr\u00e1vnymi normami a odpor\u00fa\u010daniami.<\/p><p>Po \u00faspe\u0161nom absolvovan\u00ed \u0161kolenia \u00fa\u010dastn\u00edci z\u00edskaj\u00fa <b>osved\u010denie o absolvovan\u00ed \u0161koliacej aktivity<\/b>.<\/p>\t\t\t\t\t\t\t\t<\/div>\n\t\t\t\t\t<\/div>\n\t\t\t\t<\/div>\n\t\t<div class=\"elementor-element elementor-element-9679f0d e-flex e-con-boxed e-con e-parent\" data-id=\"9679f0d\" data-element_type=\"container\" data-e-type=\"container\">\n\t\t\t\t\t<div class=\"e-con-inner\">\n\t\t\t\t<div class=\"elementor-element elementor-element-73af776 elementor-widget elementor-widget-text-editor\" data-id=\"73af776\" data-element_type=\"widget\" data-e-type=\"widget\" data-widget_type=\"text-editor.default\">\n\t\t\t\t\t\t\t\t\t<p style=\"font-size: 16px; font-style: normal; caret-color: #000000; color: #000000;\">Gestorom modulu\u00a0<b>Mana\u017e\u00e9r kybernetickej bezpe\u010dnosti<\/b>\u00a0je\u00a0<b>Fakulta informatiky a informa\u010dn\u00fdch technol\u00f3gi\u00ed STU v Bratislave (FIIT STU)<\/b>.<\/p><p style=\"font-size: 16px; font-style: normal; caret-color: #000000; color: #000000;\">Modul pozost\u00e1va zo \u0161tyroch tematick\u00fdch celkov:<\/p><ul style=\"font-size: 16px; font-style: normal; list-style-position: outside; list-style-type: disc; caret-color: #000000; color: #000000;\"><li style=\"font-size: 16px;\"><p style=\"font-size: 16px;\"><b>Mana\u017e\u00e9r kybernetickej bezpe\u010dnosti (MKB)<\/b>\u00a0a vyhl\u00e1\u0161ka o kybernetickej bezpe\u010dnosti<\/p><\/li><li style=\"font-size: 16px;\"><p style=\"font-size: 16px;\"><b>Anal\u00fdza riz\u00edk kybernetickej bezpe\u010dnosti<\/b><b><\/b><\/p><\/li><li style=\"font-size: 16px;\"><p style=\"font-size: 16px;\"><b>Pr\u00e1vne aspekty kybernetickej bezpe\u010dnosti<\/b><b><\/b><\/p><\/li><li style=\"font-size: 16px;\"><p style=\"font-size: 16px;\"><b>Ekonomick\u00e9 aspekty kybernetickej bezpe\u010dnosti<\/b><\/p><\/li><\/ul>\t\t\t\t\t\t\t\t<\/div>\n\t\t\t\t<div class=\"elementor-element elementor-element-d163e1b elementor-widget-divider--view-line elementor-widget elementor-widget-divider\" data-id=\"d163e1b\" data-element_type=\"widget\" data-e-type=\"widget\" data-widget_type=\"divider.default\">\n\t\t\t\t\t\t\t<div class=\"elementor-divider\">\n\t\t\t<span class=\"elementor-divider-separator\">\n\t\t\t\t\t\t<\/span>\n\t\t<\/div>\n\t\t\t\t\t\t<\/div>\n\t\t\t\t\t<\/div>\n\t\t\t\t<\/div>\n\t\t<div class=\"elementor-element elementor-element-59230dc e-flex e-con-boxed e-con e-parent\" data-id=\"59230dc\" data-element_type=\"container\" data-e-type=\"container\" data-settings=\"{&quot;background_background&quot;:&quot;classic&quot;}\">\n\t\t\t\t\t<div class=\"e-con-inner\">\n\t\t\t\t<div class=\"elementor-element elementor-element-a818563 elementor-widget elementor-widget-heading\" data-id=\"a818563\" data-element_type=\"widget\" data-e-type=\"widget\" data-widget_type=\"heading.default\">\n\t\t\t\t\t<h2 class=\"elementor-heading-title elementor-size-default\">Rozsah a form\u00e1lne n\u00e1le\u017eitosti \u0161kolenia<\/h2>\t\t\t\t<\/div>\n\t\t\t\t\t<\/div>\n\t\t\t\t<\/div>\n\t\t<div class=\"elementor-element elementor-element-5c12cdd e-flex e-con-boxed e-con e-parent\" data-id=\"5c12cdd\" data-element_type=\"container\" data-e-type=\"container\">\n\t\t\t\t\t<div class=\"e-con-inner\">\n\t\t<div class=\"elementor-element elementor-element-a876a3d e-con-full e-flex e-con e-child\" data-id=\"a876a3d\" data-element_type=\"container\" data-e-type=\"container\">\n\t\t\t\t<div class=\"elementor-element elementor-element-6e933a4 elementor-widget elementor-widget-text-editor\" data-id=\"6e933a4\" data-element_type=\"widget\" data-e-type=\"widget\" data-widget_type=\"text-editor.default\">\n\t\t\t\t\t\t\t\t\t<p style=\"font-size: 16px; font-style: normal; caret-color: #000000; color: #000000;\">\u0160kolenie modulu\u00a0<i>Mana\u017e\u00e9r kybernetickej bezpe\u010dnosti<\/i>\u00a0je rozdelen\u00e9 na\u00a0<b>teoretick\u00fa a praktick\u00fa \u010das\u0165\u00a0<\/b><span style=\"font-family: var( --e-global-typography-text-font-family ), Sans-serif;\">v celkovom rozsahu\u00a0<\/span><b style=\"font-family: var( --e-global-typography-text-font-family ), Sans-serif;\">28 hod\u00edn<\/b><span style=\"font-family: var( --e-global-typography-text-font-family ), Sans-serif;\">\u00a0(4 \u0161koliace dni vr\u00e1tane z\u00e1vere\u010dn\u00e9ho testu).<\/span><\/p><p>Prv\u00e9 3 dni \u0161kolenia s\u00fa prezen\u010dne na FIIT STU, posledn\u00fd 4. de\u0148 je online. Test je online formou.<\/p><p style=\"font-size: 16px; font-style: normal; caret-color: #000000; color: #000000;\">\u00daspe\u0161n\u00fdm absolvovan\u00edm z\u00e1vere\u010dn\u00e9ho testu \u00fa\u010dastn\u00edci z\u00edskaj\u00fa\u00a0<b>Osved\u010denie o absolvovan\u00ed \u0161koliacej aktivity<\/b>.<\/p><h3 style=\"font-style: normal; color: #000000; caret-color: #000000;\"><b>Obsahov\u00e1 n\u00e1pl\u0148 \u0161kolenia<\/b><\/h3><p style=\"font-size: 16px; font-style: normal; caret-color: #000000; color: #000000;\">\u0160kolenie je zameran\u00e9 na z\u00edskanie znalost\u00ed a zru\u010dnost\u00ed potrebn\u00fdch na efekt\u00edvne riadenie kybernetickej bezpe\u010dnosti v organiz\u00e1cii.<\/p><p style=\"font-size: 16px; font-style: normal; caret-color: #000000; color: #000000;\">Obsah pokr\u00fdva najm\u00e4 tieto oblasti:<\/p><ul style=\"font-size: 16px; font-style: normal; list-style-position: outside; list-style-type: disc; caret-color: #000000; color: #000000;\"><li style=\"font-size: 16px;\"><p style=\"font-size: 16px;\">procesy a syst\u00e9my riadenia informa\u010dnej a kybernetickej bezpe\u010dnosti,<\/p><\/li><li style=\"font-size: 16px;\"><p style=\"font-size: 16px;\">z\u00e1sady organiz\u00e1cie informa\u010dnej a kybernetickej bezpe\u010dnosti,<\/p><\/li><li style=\"font-size: 16px;\"><p style=\"font-size: 16px;\">z\u00e1sady person\u00e1lnej bezpe\u010dnosti,<\/p><\/li><li style=\"font-size: 16px;\"><p style=\"font-size: 16px;\">riadenie pr\u00edstupov a ident\u00edt,<\/p><\/li><li style=\"font-size: 16px;\"><p style=\"font-size: 16px;\">pou\u017e\u00edvanie kryptografick\u00fdch bezpe\u010dnostn\u00fdch mechanizmov,<\/p><\/li><li style=\"font-size: 16px;\"><p style=\"font-size: 16px;\">princ\u00edpy testovania kybernetickej bezpe\u010dnosti,<\/p><\/li><li style=\"font-size: 16px;\"><p style=\"font-size: 16px;\">pr\u00e1vne predpisy a slovensk\u00e9 technick\u00e9 normy vz\u0165ahuj\u00face sa na oblas\u0165 kybernetickej bezpe\u010dnosti, ako aj pr\u00e1vne akty sekund\u00e1rneho pr\u00e1va Eur\u00f3pskej \u00fanie,<\/p><\/li><li style=\"font-size: 16px;\"><p style=\"font-size: 16px;\">legislat\u00edvne po\u017eiadavky t\u00fdkaj\u00face sa opisu predmetu z\u00e1kazky,<\/p><\/li><li style=\"font-size: 16px;\"><p style=\"font-size: 16px;\">pr\u00e1vne predpisy a po\u017eiadavky na s\u00falad v oblasti ochrany osobn\u00fdch \u00fadajov,<\/p><\/li><li style=\"font-size: 16px;\"><p style=\"font-size: 16px;\">n\u00e1vrh a uplat\u0148ovanie bezpe\u010dnostn\u00fdch strat\u00e9gi\u00ed a polit\u00edk,<\/p><\/li><li style=\"font-size: 16px;\"><p style=\"font-size: 16px;\">procesy a metodiky riadenia riz\u00edk,<\/p><\/li><li style=\"font-size: 16px;\"><p style=\"font-size: 16px;\">postupy anal\u00fdzy riz\u00edk,<\/p><\/li><li style=\"font-size: 16px;\"><p style=\"font-size: 16px;\">identifik\u00e1ciu typick\u00fdch hrozieb a zranite\u013enost\u00ed,<\/p><\/li><li style=\"font-size: 16px;\"><p style=\"font-size: 16px;\">n\u00e1vrh a hodnotenie bezpe\u010dnostn\u00fdch mechanizmov,<\/p><\/li><li style=\"font-size: 16px;\"><p style=\"font-size: 16px;\">princ\u00edpy podnikovej architekt\u00fary a orient\u00e1ciu v be\u017ene pou\u017e\u00edvan\u00fdch architektonick\u00fdch r\u00e1mcoch,<\/p><\/li><li style=\"font-size: 16px;\"><p style=\"font-size: 16px;\">procesy rie\u0161enia kybernetick\u00fdch bezpe\u010dnostn\u00fdch incidentov,<\/p><\/li><li style=\"font-size: 16px;\"><p style=\"font-size: 16px;\">princ\u00edpy pl\u00e1novania havarijnej obnovy a riadenia kontinuity \u010dinnost\u00ed,<\/p><\/li><li style=\"font-size: 16px;\"><p style=\"font-size: 16px;\">met\u00f3dy posudzovania, anal\u00fdzy a kvantifik\u00e1cie riz\u00edk a ich aplik\u00e1ciu v r\u00e1mci organiz\u00e1cie.<\/p><\/li><\/ul><h3>\u00a0<\/h3><h3 style=\"font-style: normal; color: #000000; caret-color: #000000;\"><b>Organiza\u010dn\u00e9 pokyny<\/b><\/h3><p style=\"font-size: 16px; font-style: normal; caret-color: #000000; color: #000000;\">Ka\u017ed\u00fd schv\u00e1len\u00fd \u00fa\u010dastn\u00edk \u0161kolenia dostane<b>\u00a0\u0161koliace materi\u00e1ly <\/b><span style=\"font-family: var( --e-global-typography-text-font-family ), Sans-serif;\">a\u00a0<\/span><b style=\"font-family: var( --e-global-typography-text-font-family ), Sans-serif;\">podrobn\u00e9 inform\u00e1cie o priebehu a obsahu \u0161kolenia<\/b><span style=\"font-family: var( --e-global-typography-text-font-family ), Sans-serif;\">\u00a0e-mailom\u00a0<\/span><b style=\"font-family: var( --e-global-typography-text-font-family ), Sans-serif;\">pred jeho za\u010diatkom<\/b><span style=\"font-family: var( --e-global-typography-text-font-family ), Sans-serif;\">.<\/span><\/p><p><strong>Kontakt:<\/strong> \u00a0 \u00a0<strong>Ing. Martina Ries, \u00a0 \u00a0 \u00a0 martina.ries@stuba.sk<\/strong><\/p>\t\t\t\t\t\t\t\t<\/div>\n\t\t\t\t<\/div>\n\t\t\t\t\t<\/div>\n\t\t\t\t<\/div>\n\t\t\t\t<\/div>\n\t\t","protected":false},"excerpt":{"rendered":"<p>Modul Mana\u017e\u00e9r kybernetickej bezpe\u010dnosti je ur\u010den\u00fd pre odborn\u00edkov a mana\u017e\u00e9rov, \u00a0ktor\u00ed zodpovedaj\u00fa za riadenie a zabezpe\u010denie kybernetickej bezpe\u010dnosti v organiz\u00e1cii [&hellip;]<\/p>\n","protected":false},"author":2,"featured_media":0,"parent":0,"menu_order":0,"comment_status":"closed","ping_status":"closed","template":"","meta":{"site-sidebar-layout":"no-sidebar","site-content-layout":"","ast-site-content-layout":"full-width-container","site-content-style":"default","site-sidebar-style":"default","ast-global-header-display":"","ast-banner-title-visibility":"","ast-main-header-display":"","ast-hfb-above-header-display":"","ast-hfb-below-header-display":"","ast-hfb-mobile-header-display":"","site-post-title":"disabled","ast-breadcrumbs-content":"","ast-featured-img":"disabled","footer-sml-layout":"","theme-transparent-header-meta":"","adv-header-id-meta":"","stick-header-meta":"","header-above-stick-meta":"","header-main-stick-meta":"","header-below-stick-meta":"","astra-migrate-meta-layouts":"default","ast-page-background-enabled":"default","ast-page-background-meta":{"desktop":{"background-color":"var(--ast-global-color-5)","background-image":"","background-repeat":"repeat","background-position":"center center","background-size":"auto","background-attachment":"scroll","background-type":"","background-media":"","overlay-type":"","overlay-color":"","overlay-opacity":"","overlay-gradient":""},"tablet":{"background-color":"","background-image":"","background-repeat":"repeat","background-position":"center center","background-size":"auto","background-attachment":"scroll","background-type":"","background-media":"","overlay-type":"","overlay-color":"","overlay-opacity":"","overlay-gradient":""},"mobile":{"background-color":"","background-image":"","background-repeat":"repeat","background-position":"center center","background-size":"auto","background-attachment":"scroll","background-type":"","background-media":"","overlay-type":"","overlay-color":"","overlay-opacity":"","overlay-gradient":""}},"ast-content-background-meta":{"desktop":{"background-color":"var(--ast-global-color-4)","background-image":"","background-repeat":"repeat","background-position":"center center","background-size":"auto","background-attachment":"scroll","background-type":"","background-media":"","overlay-type":"","overlay-color":"","overlay-opacity":"","overlay-gradient":""},"tablet":{"background-color":"var(--ast-global-color-4)","background-image":"","background-repeat":"repeat","background-position":"center center","background-size":"auto","background-attachment":"scroll","background-type":"","background-media":"","overlay-type":"","overlay-color":"","overlay-opacity":"","overlay-gradient":""},"mobile":{"background-color":"var(--ast-global-color-4)","background-image":"","background-repeat":"repeat","background-position":"center center","background-size":"auto","background-attachment":"scroll","background-type":"","background-media":"","overlay-type":"","overlay-color":"","overlay-opacity":"","overlay-gradient":""}},"footnotes":""},"class_list":["post-54","page","type-page","status-publish","hentry"],"yoast_head":"<!-- This site is optimized with the Yoast SEO plugin v26.9 - https:\/\/yoast.com\/product\/yoast-seo-wordpress\/ -->\n<title>O \u0161kolen\u00ed - \u0160kolenia modulu MANA\u017d\u00c9R KYBERNETICKEJ BEZPE\u010cNOSTI<\/title>\n<meta name=\"robots\" content=\"index, follow, max-snippet:-1, max-image-preview:large, max-video-preview:-1\" \/>\n<link rel=\"canonical\" href=\"https:\/\/mkb.fiit.stuba.sk\/\" \/>\n<meta property=\"og:locale\" content=\"sk_SK\" \/>\n<meta property=\"og:type\" content=\"article\" \/>\n<meta property=\"og:title\" content=\"O \u0161kolen\u00ed - \u0160kolenia modulu MANA\u017d\u00c9R KYBERNETICKEJ BEZPE\u010cNOSTI\" \/>\n<meta property=\"og:description\" content=\"Modul Mana\u017e\u00e9r kybernetickej bezpe\u010dnosti je ur\u010den\u00fd pre odborn\u00edkov a mana\u017e\u00e9rov, \u00a0ktor\u00ed zodpovedaj\u00fa za riadenie a zabezpe\u010denie kybernetickej bezpe\u010dnosti v organiz\u00e1cii [&hellip;]\" \/>\n<meta property=\"og:url\" content=\"https:\/\/mkb.fiit.stuba.sk\/\" \/>\n<meta property=\"og:site_name\" content=\"\u0160kolenia modulu MANA\u017d\u00c9R KYBERNETICKEJ BEZPE\u010cNOSTI\" \/>\n<meta property=\"article:modified_time\" content=\"2026-03-03T11:46:19+00:00\" \/>\n<meta name=\"twitter:card\" content=\"summary_large_image\" \/>\n<meta name=\"twitter:label1\" content=\"Predpokladan\u00fd \u010das \u010d\u00edtania\" \/>\n\t<meta name=\"twitter:data1\" content=\"2 min\u00faty\" \/>\n<script type=\"application\/ld+json\" class=\"yoast-schema-graph\">{\"@context\":\"https:\/\/schema.org\",\"@graph\":[{\"@type\":\"WebPage\",\"@id\":\"https:\/\/mkb.fiit.stuba.sk\/\",\"url\":\"https:\/\/mkb.fiit.stuba.sk\/\",\"name\":\"O \u0161kolen\u00ed - \u0160kolenia modulu MANA\u017d\u00c9R KYBERNETICKEJ BEZPE\u010cNOSTI\",\"isPartOf\":{\"@id\":\"https:\/\/mkb.fiit.stuba.sk\/#website\"},\"datePublished\":\"2025-10-10T09:38:02+00:00\",\"dateModified\":\"2026-03-03T11:46:19+00:00\",\"breadcrumb\":{\"@id\":\"https:\/\/mkb.fiit.stuba.sk\/#breadcrumb\"},\"inLanguage\":\"sk-SK\",\"potentialAction\":[{\"@type\":\"ReadAction\",\"target\":[\"https:\/\/mkb.fiit.stuba.sk\/\"]}]},{\"@type\":\"BreadcrumbList\",\"@id\":\"https:\/\/mkb.fiit.stuba.sk\/#breadcrumb\",\"itemListElement\":[{\"@type\":\"ListItem\",\"position\":1,\"name\":\"Domovsk\u00e1 str\u00e1nka\",\"item\":\"https:\/\/mkb.fiit.stuba.sk\/\"},{\"@type\":\"ListItem\",\"position\":2,\"name\":\"O \u0161kolen\u00ed\"}]},{\"@type\":\"WebSite\",\"@id\":\"https:\/\/mkb.fiit.stuba.sk\/#website\",\"url\":\"https:\/\/mkb.fiit.stuba.sk\/\",\"name\":\"\u0160kolenia modulu MANA\u017d\u00c9R KYBERNETICKEJ BEZPE\u010cNOSTI\",\"description\":\"\",\"publisher\":{\"@id\":\"https:\/\/mkb.fiit.stuba.sk\/#organization\"},\"potentialAction\":[{\"@type\":\"SearchAction\",\"target\":{\"@type\":\"EntryPoint\",\"urlTemplate\":\"https:\/\/mkb.fiit.stuba.sk\/?s={search_term_string}\"},\"query-input\":{\"@type\":\"PropertyValueSpecification\",\"valueRequired\":true,\"valueName\":\"search_term_string\"}}],\"inLanguage\":\"sk-SK\"},{\"@type\":\"Organization\",\"@id\":\"https:\/\/mkb.fiit.stuba.sk\/#organization\",\"name\":\"\u0160kolenia modulu MANA\u017d\u00c9R KYBERNETICKEJ BEZPE\u010cNOSTI\",\"url\":\"https:\/\/mkb.fiit.stuba.sk\/\",\"logo\":{\"@type\":\"ImageObject\",\"inLanguage\":\"sk-SK\",\"@id\":\"https:\/\/mkb.fiit.stuba.sk\/#\/schema\/logo\/image\/\",\"url\":\"https:\/\/mkb.fiit.stuba.sk\/wp-content\/uploads\/2025\/10\/cropped-Loga-vedla-seba-MKB-Financovane-EU-plan-obnovy-MIRRI-FIIT-STU-2-variant-scaled-1.png\",\"contentUrl\":\"https:\/\/mkb.fiit.stuba.sk\/wp-content\/uploads\/2025\/10\/cropped-Loga-vedla-seba-MKB-Financovane-EU-plan-obnovy-MIRRI-FIIT-STU-2-variant-scaled-1.png\",\"width\":2399,\"height\":331,\"caption\":\"\u0160kolenia modulu MANA\u017d\u00c9R KYBERNETICKEJ BEZPE\u010cNOSTI\"},\"image\":{\"@id\":\"https:\/\/mkb.fiit.stuba.sk\/#\/schema\/logo\/image\/\"}}]}<\/script>\n<!-- \/ Yoast SEO plugin. -->","yoast_head_json":{"title":"O \u0161kolen\u00ed - \u0160kolenia modulu MANA\u017d\u00c9R KYBERNETICKEJ BEZPE\u010cNOSTI","robots":{"index":"index","follow":"follow","max-snippet":"max-snippet:-1","max-image-preview":"max-image-preview:large","max-video-preview":"max-video-preview:-1"},"canonical":"https:\/\/mkb.fiit.stuba.sk\/","og_locale":"sk_SK","og_type":"article","og_title":"O \u0161kolen\u00ed - \u0160kolenia modulu MANA\u017d\u00c9R KYBERNETICKEJ BEZPE\u010cNOSTI","og_description":"Modul Mana\u017e\u00e9r kybernetickej bezpe\u010dnosti je ur\u010den\u00fd pre odborn\u00edkov a mana\u017e\u00e9rov, \u00a0ktor\u00ed zodpovedaj\u00fa za riadenie a zabezpe\u010denie kybernetickej bezpe\u010dnosti v organiz\u00e1cii [&hellip;]","og_url":"https:\/\/mkb.fiit.stuba.sk\/","og_site_name":"\u0160kolenia modulu MANA\u017d\u00c9R KYBERNETICKEJ BEZPE\u010cNOSTI","article_modified_time":"2026-03-03T11:46:19+00:00","twitter_card":"summary_large_image","twitter_misc":{"Predpokladan\u00fd \u010das \u010d\u00edtania":"2 min\u00faty"},"schema":{"@context":"https:\/\/schema.org","@graph":[{"@type":"WebPage","@id":"https:\/\/mkb.fiit.stuba.sk\/","url":"https:\/\/mkb.fiit.stuba.sk\/","name":"O \u0161kolen\u00ed - \u0160kolenia modulu MANA\u017d\u00c9R KYBERNETICKEJ BEZPE\u010cNOSTI","isPartOf":{"@id":"https:\/\/mkb.fiit.stuba.sk\/#website"},"datePublished":"2025-10-10T09:38:02+00:00","dateModified":"2026-03-03T11:46:19+00:00","breadcrumb":{"@id":"https:\/\/mkb.fiit.stuba.sk\/#breadcrumb"},"inLanguage":"sk-SK","potentialAction":[{"@type":"ReadAction","target":["https:\/\/mkb.fiit.stuba.sk\/"]}]},{"@type":"BreadcrumbList","@id":"https:\/\/mkb.fiit.stuba.sk\/#breadcrumb","itemListElement":[{"@type":"ListItem","position":1,"name":"Domovsk\u00e1 str\u00e1nka","item":"https:\/\/mkb.fiit.stuba.sk\/"},{"@type":"ListItem","position":2,"name":"O \u0161kolen\u00ed"}]},{"@type":"WebSite","@id":"https:\/\/mkb.fiit.stuba.sk\/#website","url":"https:\/\/mkb.fiit.stuba.sk\/","name":"\u0160kolenia modulu MANA\u017d\u00c9R KYBERNETICKEJ BEZPE\u010cNOSTI","description":"","publisher":{"@id":"https:\/\/mkb.fiit.stuba.sk\/#organization"},"potentialAction":[{"@type":"SearchAction","target":{"@type":"EntryPoint","urlTemplate":"https:\/\/mkb.fiit.stuba.sk\/?s={search_term_string}"},"query-input":{"@type":"PropertyValueSpecification","valueRequired":true,"valueName":"search_term_string"}}],"inLanguage":"sk-SK"},{"@type":"Organization","@id":"https:\/\/mkb.fiit.stuba.sk\/#organization","name":"\u0160kolenia modulu MANA\u017d\u00c9R KYBERNETICKEJ BEZPE\u010cNOSTI","url":"https:\/\/mkb.fiit.stuba.sk\/","logo":{"@type":"ImageObject","inLanguage":"sk-SK","@id":"https:\/\/mkb.fiit.stuba.sk\/#\/schema\/logo\/image\/","url":"https:\/\/mkb.fiit.stuba.sk\/wp-content\/uploads\/2025\/10\/cropped-Loga-vedla-seba-MKB-Financovane-EU-plan-obnovy-MIRRI-FIIT-STU-2-variant-scaled-1.png","contentUrl":"https:\/\/mkb.fiit.stuba.sk\/wp-content\/uploads\/2025\/10\/cropped-Loga-vedla-seba-MKB-Financovane-EU-plan-obnovy-MIRRI-FIIT-STU-2-variant-scaled-1.png","width":2399,"height":331,"caption":"\u0160kolenia modulu MANA\u017d\u00c9R KYBERNETICKEJ BEZPE\u010cNOSTI"},"image":{"@id":"https:\/\/mkb.fiit.stuba.sk\/#\/schema\/logo\/image\/"}}]}},"_links":{"self":[{"href":"https:\/\/mkb.fiit.stuba.sk\/index.php?rest_route=\/wp\/v2\/pages\/54","targetHints":{"allow":["GET"]}}],"collection":[{"href":"https:\/\/mkb.fiit.stuba.sk\/index.php?rest_route=\/wp\/v2\/pages"}],"about":[{"href":"https:\/\/mkb.fiit.stuba.sk\/index.php?rest_route=\/wp\/v2\/types\/page"}],"author":[{"embeddable":true,"href":"https:\/\/mkb.fiit.stuba.sk\/index.php?rest_route=\/wp\/v2\/users\/2"}],"replies":[{"embeddable":true,"href":"https:\/\/mkb.fiit.stuba.sk\/index.php?rest_route=%2Fwp%2Fv2%2Fcomments&post=54"}],"version-history":[{"count":71,"href":"https:\/\/mkb.fiit.stuba.sk\/index.php?rest_route=\/wp\/v2\/pages\/54\/revisions"}],"predecessor-version":[{"id":447,"href":"https:\/\/mkb.fiit.stuba.sk\/index.php?rest_route=\/wp\/v2\/pages\/54\/revisions\/447"}],"wp:attachment":[{"href":"https:\/\/mkb.fiit.stuba.sk\/index.php?rest_route=%2Fwp%2Fv2%2Fmedia&parent=54"}],"curies":[{"name":"wp","href":"https:\/\/api.w.org\/{rel}","templated":true}]}}